{"id":64,"date":"2011-09-15T13:39:32","date_gmt":"2011-09-15T13:39:32","guid":{"rendered":"http:\/\/www.vanocni-osvetleni.com\/?page_id=64"},"modified":"2024-05-24T13:47:06","modified_gmt":"2024-05-24T13:47:06","slug":"fotogalerie-vanocnich-vyzdob","status":"publish","type":"page","link":"https:\/\/www.vanocni-osvetleni.com\/?page_id=64","title":{"rendered":"Foto a video galerie"},"content":{"rendered":"<p>P\u0159ipravili jsme pro v\u00e1s malou uk\u00e1zku <strong>v\u00fdzdob v\u00e1no\u010dn\u00edm osv\u011btlen\u00ed<\/strong>m. Inspirujte se a kochejte se kr\u00e1sn\u00fdmi dekoracemi tvo\u0159en\u00fdmi nejr\u016fzn\u011bj\u0161\u00edmi komponenty v\u00e1no\u010dn\u00edho osv\u011btlen\u00ed. Pou\u017eity jsou <strong>v\u00e1no\u010dn\u00ed \u0159et\u011bzy, sv\u011bteln\u00e9 kabely, kr\u00e1pn\u00edky, z\u00e1v\u011bsy, LED sn\u011b\u017een\u00ed<\/strong> a dal\u0161\u00ed. Krom\u011b <a href=\"https:\/\/www.dexys.cz\/vanocni-foto-galerie\">v\u00e1no\u010dn\u00ed fotogalerie<\/a> se m\u016f\u017eete inspirovat i uk\u00e1zkou <strong>v\u00e1no\u010dn\u00edch vide\u00ed<\/strong>, kde je n\u00e1zorn\u011b zobrazeno v\u00e1no\u010dn\u00ed dynamick\u00e9 osv\u011btlen\u00ed v akci.<\/p>\n<h2><strong>V\u00e1no\u010dn\u00ed fotogalerie:<\/strong><\/h2>\n<p><img loading=\"lazy\" decoding=\"async\" class=\"alignnone \" src=\"https:\/\/www.dexys.cz\/fotky101067\/clanky\/fotogalerie\/fotogalerie%20vanocni%20osvetleni.jpg\" alt=\"v\u00e1no\u010dn\u00ed osv\u011btlen\u00ed fotogalerie\" width=\"631\" height=\"631\" \/><\/p>\n<h2><strong>V\u00e1no\u010dn\u00ed videogalerie:<\/strong><\/h2>\n<p style=\"text-align: center;\"><iframe loading=\"lazy\" src=\"https:\/\/www.youtube.com\/embed\/C99EsqPzly0\" width=\"250\" height=\"212\" frameborder=\"0\"><\/iframe>\u00a0<iframe loading=\"lazy\" src=\"https:\/\/www.youtube.com\/embed\/uCAuxit1VTE\" width=\"250\" height=\"212\" frameborder=\"0\"><\/iframe><\/p>\n<p style=\"text-align: center;\"><iframe loading=\"lazy\" src=\"https:\/\/www.youtube.com\/embed\/AJKbO4Itbw4\" width=\"250\" height=\"212\" frameborder=\"0\"><\/iframe>\u00a0<iframe loading=\"lazy\" src=\"https:\/\/www.youtube.com\/embed\/c8i7dHhygM8\" width=\"250\" height=\"212\" frameborder=\"0\"><\/iframe><\/p>\n<p style=\"text-align: center;\"><iframe loading=\"lazy\" src=\"https:\/\/www.youtube.com\/embed\/gM7axqnQ7Cw\" width=\"250\" height=\"212\" frameborder=\"0\"><\/iframe>\u00a0<iframe loading=\"lazy\" src=\"https:\/\/www.youtube.com\/embed\/f2Ztzek6yE8\" width=\"250\" height=\"212\" frameborder=\"0\"><\/iframe><\/p>\n<p style=\"text-align: center;\"><iframe loading=\"lazy\" src=\"https:\/\/www.youtube.com\/embed\/wppnzx8ZrLo\" width=\"250\" height=\"212\" frameborder=\"0\"><\/iframe>\u00a0<iframe loading=\"lazy\" src=\"https:\/\/www.youtube.com\/embed\/NTBFIA51hMY\" width=\"250\" height=\"212\" frameborder=\"0\"><\/iframe><\/p>\n<p style=\"text-align: center;\"><iframe loading=\"lazy\" src=\"https:\/\/www.youtube.com\/embed\/vwtQMHEhSP8\" width=\"250\" height=\"212\" frameborder=\"0\"><\/iframe>\u00a0<iframe loading=\"lazy\" src=\"https:\/\/www.youtube.com\/embed\/euqcig3R95U\" width=\"250\" height=\"212\" frameborder=\"0\"><\/iframe><\/p>\n<p style=\"text-align: center;\"><iframe loading=\"lazy\" src=\"https:\/\/www.youtube.com\/embed\/EI2v-P0MEaw\" width=\"250\" height=\"212\" frameborder=\"0\"><\/iframe>\u00a0<iframe loading=\"lazy\" src=\"https:\/\/www.youtube.com\/embed\/XfKr14aTIkA\" width=\"250\" height=\"212\" frameborder=\"0\"><\/iframe><\/p>\n<p style=\"text-align: center;\"><iframe loading=\"lazy\" src=\"https:\/\/www.youtube.com\/embed\/GP94dhZ0FUU\" width=\"250\" height=\"212\" frameborder=\"0\"><\/iframe>\u00a0<iframe loading=\"lazy\" src=\"https:\/\/www.youtube.com\/embed\/lY3VNnH9mBs\" width=\"250\" height=\"212\" frameborder=\"0\"><\/iframe><\/p>\n","protected":false},"excerpt":{"rendered":"<p>P\u0159ipravili jsme pro v\u00e1s malou uk\u00e1zku v\u00fdzdob v\u00e1no\u010dn\u00edm osv\u011btlen\u00edm. Inspirujte se a kochejte se kr\u00e1sn\u00fdmi dekoracemi tvo\u0159en\u00fdmi nejr\u016fzn\u011bj\u0161\u00edmi komponenty v\u00e1no\u010dn\u00edho osv\u011btlen\u00ed. Pou\u017eity jsou v\u00e1no\u010dn\u00ed \u0159et\u011bzy, sv\u011bteln\u00e9 kabely, kr\u00e1pn\u00edky, z\u00e1v\u011bsy, LED sn\u011b\u017een\u00ed a dal\u0161\u00ed. Krom\u011b v\u00e1no\u010dn\u00ed fotogalerie se m\u016f\u017eete inspirovat i uk\u00e1zkou v\u00e1no\u010dn\u00edch vide\u00ed, kde je n\u00e1zorn\u011b zobrazeno v\u00e1no\u010dn\u00ed dynamick\u00e9 osv\u011btlen\u00ed v akci. V\u00e1no\u010dn\u00ed fotogalerie: V\u00e1no\u010dn\u00ed [&hellip;]<\/p>\n","protected":false},"author":1,"featured_media":0,"parent":0,"menu_order":0,"comment_status":"closed","ping_status":"closed","template":"","meta":{"footnotes":""},"aioseo_notices":[],"_links":{"self":[{"href":"https:\/\/www.vanocni-osvetleni.com\/index.php?rest_route=\/wp\/v2\/pages\/64"}],"collection":[{"href":"https:\/\/www.vanocni-osvetleni.com\/index.php?rest_route=\/wp\/v2\/pages"}],"about":[{"href":"https:\/\/www.vanocni-osvetleni.com\/index.php?rest_route=\/wp\/v2\/types\/page"}],"author":[{"embeddable":true,"href":"https:\/\/www.vanocni-osvetleni.com\/index.php?rest_route=\/wp\/v2\/users\/1"}],"replies":[{"embeddable":true,"href":"https:\/\/www.vanocni-osvetleni.com\/index.php?rest_route=%2Fwp%2Fv2%2Fcomments&post=64"}],"version-history":[{"count":36,"href":"https:\/\/www.vanocni-osvetleni.com\/index.php?rest_route=\/wp\/v2\/pages\/64\/revisions"}],"predecessor-version":[{"id":775,"href":"https:\/\/www.vanocni-osvetleni.com\/index.php?rest_route=\/wp\/v2\/pages\/64\/revisions\/775"}],"wp:attachment":[{"href":"https:\/\/www.vanocni-osvetleni.com\/index.php?rest_route=%2Fwp%2Fv2%2Fmedia&parent=64"}],"curies":[{"name":"wp","href":"https:\/\/api.w.org\/{rel}","templated":true}]}}