{"id":60,"date":"2011-09-15T13:25:50","date_gmt":"2011-09-15T13:25:50","guid":{"rendered":"http:\/\/www.vanocni-osvetleni.com\/?page_id=60"},"modified":"2024-05-24T13:11:20","modified_gmt":"2024-05-24T13:11:20","slug":"druhy-vanocniho-osvetleni","status":"publish","type":"page","link":"https:\/\/www.vanocni-osvetleni.com\/","title":{"rendered":"V\u00e1no\u010dn\u00ed osv\u011btlen\u00ed"},"content":{"rendered":"<p><strong>V\u00e1no\u010dn\u00ed osv\u011btlen\u00ed<\/strong> (<a href=\"https:\/\/www.studiogreen.sk\/Vianocne-osvetlenie\">viano\u010dn\u00e9 osvetlenie<\/a>) lze jednodu\u0161e rozd\u011blit do n\u011bkolika kategori\u00ed dle jejich pou\u017eit\u00ed a konstrukce. Prim\u00e1rn\u011b rozd\u011blujeme osv\u011btlen\u00ed na ta, kter\u00e1 jsou ur\u010dena do exteri\u00e9ru, a kter\u00e1 do interi\u00e9ru. <strong>Venkovn\u00ed v\u00e1no\u010dn\u00ed osv\u011btlen\u00ed<\/strong> je vyrobeno s kryt\u00edm IP40, co\u017e znamen\u00e1, \u017ee je odoln\u00e9 proti vlhkosti, vod\u011b i mrazu.<\/p>\n<p>Lze jej tak bez probl\u00e9m\u016f pou\u017e\u00edt i do extr\u00e9mn\u00edch podm\u00ednek, jak\u00e9 jsou venku v zim\u011b, kdy v\u0161e pokr\u00fdv\u00e1 sn\u00edh i led. Dal\u0161\u00edmi podkategoriemi jsou pak konstruk\u010dn\u00ed \u0159e\u0161en\u00ed a varianty s blik\u00e1n\u00edm, \u010di st\u00e1lesv\u00edt\u00edc\u00ed. P\u0159edstav\u00edme si nyn\u00ed jednotliv\u00e9 varianty v\u00e1no\u010dn\u00edho osv\u011btlen\u00ed podrobn\u011bji. N\u00e1dhern\u00e1 <a title=\"v\u00e1no\u010dn\u00ed osv\u011btlen\u00ed led\" href=\"https:\/\/www.dexys.cz\/\" target=\"_blank\" rel=\"noopener noreferrer\">v\u00e1no\u010dn\u00ed osv\u011btlen\u00ed led<\/a>, kter\u00e1 V\u00e1m vykouzl\u00ed \u00fasm\u011bv na rtech.<\/p>\n<h2><\/h2>\n<h2>Venkovn\u00ed v\u00e1no\u010dn\u00ed osv\u011btlen\u00ed<\/h2>\n<p>Jak jsme ji\u017e uvedli, tyto <strong>v\u00e1no\u010dn\u00ed sv\u011bteln\u00e9 dekorace<\/strong> maj\u00ed kryt\u00ed IP 40 tak\u017ee jsou vod\u011b odoln\u00e9 a vydr\u017e\u00ed i mrazy. Na prvn\u00ed pohled je pozn\u00e1te od osv\u011btlen\u00ed ur\u010den\u00fdch do interi\u00e9ru dle tlou\u0161\u0165ky pou\u017eit\u00e9ho kabelu.\u00a0\u0158et\u011bzy i dal\u0161\u00ed komponenty sv\u011bteln\u00fdch v\u00fdzdob nemus\u00ed m\u00edt kabely tolik tlust\u00e9. Maj\u00ed tak\u00e9 masivn\u011bj\u0161\u00ed konektory opat\u0159en\u00e9 v\u011bt\u0161inou smr\u0161\u0165ovac\u00ed f\u00f3li\u00ed. <strong>Venkovn\u00ed <a title=\"v\u00e1no\u010dn\u00ed osv\u011btlen\u00ed \" href=\"http:\/\/www.vanocni-dekorace.com\/\">v\u00e1no\u010dn\u00ed osv\u011btlen\u00ed<\/a><\/strong> se vyr\u00e1b\u00ed v cel\u00e9 \u0161\u00ed\u0159i druh\u016f, nap\u0159\u00edklad <strong>\u0159et\u011bzy, kr\u00e1pn\u00edky, sn\u011b\u017een\u00ed, z\u00e1v\u011bsy, girlandy, kabely, motivy, <\/strong>a pou\u017e\u00edvaj\u00ed se pro v\u00fdzdobu v\u00e1no\u010dn\u00edch stromk\u016f i budov.<\/p>\n<h2>Interi\u00e9rov\u00e9 v\u00e1no\u010dn\u00ed osv\u011btlen\u00ed<\/h2>\n<p>V drtiv\u00e9 v\u011bt\u0161in\u011b se interi\u00e9rov\u00e9 osv\u011btlen\u00ed pou\u017e\u00edv\u00e1 pro zdoben\u00ed v\u00e1no\u010dn\u00edch stromk\u016f. K tomu slou\u017e\u00ed zn\u00e1m\u00e9 elektrick\u00e9 sv\u00ed\u010dky, dnes se pou\u017e\u00edvaj\u00ed hlavn\u011b modern\u00ed LED \u0159et\u011bzy, kter\u00e9 maj\u00ed \u0159adu v\u00fdhod. Maj\u00ed malou spot\u0159ebu, nepraskaj\u00ed jako <a title=\"\u017e\u00e1rovky\" href=\"http:\/\/www.zarovky-shop.cz\">\u017e\u00e1rovky<\/a>, sv\u00edt\u00ed jasn\u011b a je mo\u017en\u00e9 volit barvy. <strong>Interi\u00e9rov\u00e9 v\u00e1no\u010dn\u00ed osv\u011btlen\u00ed<\/strong> je v\u011bt\u0161inou opat\u0159eno transform\u00e1torem a osv\u011btlen\u00ed je pak nap\u00e1jeno bezpe\u010dn\u00fdm nap\u011bt\u00edm 12-24V. Krom\u011b v\u00e1no\u010dn\u00edch \u0159et\u011bz\u016f na strome\u010dek se pou\u017e\u00edvaj\u00ed tak\u00e9 z\u00e1v\u011bsy, s\u00edt\u011b, kr\u00e1pn\u00edky, sn\u011b\u017een\u00ed a dal\u0161\u00ed.<\/p>\n<h2><a href=\"http:\/\/vanocni-osvetleni.com\/wp-content\/uploads\/143-09786.jpg\"><img loading=\"lazy\" decoding=\"async\" class=\"alignleft size-thumbnail wp-image-122\" title=\"143 09786\" src=\"http:\/\/vanocni-osvetleni.com\/wp-content\/uploads\/143-09786-150x150.jpg\" alt=\"St\u00e1lesv\u00edt\u00edc\u00ed VS blikaj\u00edc\u00ed v\u00e1no\u010dn\u00ed osv\u011btlen\u00ed\" width=\"150\" height=\"150\" \/><\/a><\/h2>\n<h2>St\u00e1le sv\u00edt\u00edc\u00ed VS blikaj\u00edc\u00ed v\u00e1no\u010dn\u00ed osv\u011btlen\u00ed<\/h2>\n<p>N\u011bkdo d\u00e1v\u00e1 p\u0159ednost <a title=\"st\u00e1lesv\u00edt\u00edc\u00edmu osv\u011btlen\u00ed\" href=\"https:\/\/www.dekorace.cz\/stalesvitici-led-retezy\">st\u00e1le sv\u00edt\u00edc\u00edmu osv\u011btlen\u00ed<\/a>, n\u011bkomu se l\u00edb\u00ed blik\u00e1n\u00ed. Nutno v\u0161ak podotknout, \u017ee blik\u00e1n\u00edm se nemysl\u00ed nevkusn\u00e9 blik\u00e1n\u00ed jako u osv\u011btlen\u00ed z tr\u017enice. Kvalitn\u00ed blikaj\u00edc\u00ed v\u00e1no\u010dn\u00ed osv\u011btlen\u00ed je vybaveno tzv. flash LED. Tyto speci\u00e1ln\u00ed LED bu\u010f zhas\u00ednaj\u00ed a rozsv\u011bc\u00ed se, nebo vylo\u017een\u011b bleskaj\u00ed (jako blesk fotoapar\u00e1tu). Na v\u00e1no\u010dn\u00edm \u0159et\u011bzu, kr\u00e1pn\u00edku, \u010di jin\u00e9m komponentu v\u00e1no\u010dn\u00ed v\u00fdzdoby jsou pak tyto flash LED rozm\u00edst\u011bny nap\u0159\u00edklad v pom\u011bru 1:10, tedy ka\u017ed\u00e1 des\u00e1t\u00e1 LED je se z\u00e1bleskem. V\u00fdsledn\u00fd efekt je pak jemn\u00fd t\u0159pyt cel\u00e9ho osv\u011btlen\u00ed. P\u016fsob\u00ed velmi elegantn\u011b a efektn\u011b, p\u0159esv\u011bd\u010dte se na\u00a0<a href=\"http:\/\/www.vanocni-osvetleni.com\/?page_id=64\">v\u00e1no\u010dn\u00edm videu<\/a>.<\/p>\n<h2><a href=\"http:\/\/vanocni-osvetleni.com\/wp-content\/uploads\/073-09940.jpg\"><img loading=\"lazy\" decoding=\"async\" class=\"alignleft size-thumbnail wp-image-123\" title=\"073 09940\" src=\"http:\/\/vanocni-osvetleni.com\/wp-content\/uploads\/073-09940-150x150.jpg\" alt=\"V\u00e1no\u010dn\u00ed \u0159et\u011bzy\" width=\"150\" height=\"150\" \/><\/a><\/h2>\n<h2>V\u00e1no\u010dn\u00ed \u0159et\u011bzy<\/h2>\n<p>Nejpou\u017e\u00edvan\u011bj\u0161\u00ed typ v\u00e1no\u010dn\u00edho osv\u011btlen\u00ed je konstruk\u010dn\u011b \u0159e\u0161en jako nosn\u00fd kabel, na kter\u00e9m jsou v r\u016fzn\u00fdch sm\u011brech um\u00edst\u011bny sv\u011bteln\u00e9 zdroje \u017e\u00e1rovek, nebo LED. Nyn\u00ed se pou\u017e\u00edvaj\u00ed ji\u017e t\u00e9m\u011b\u0159 pouze jen <strong>LED v\u00e1no\u010dn\u00ed \u0159et\u011bzy<\/strong>. Toto v\u00e1no\u010dn\u00ed osv\u011btlen\u00ed se pou\u017e\u00edv\u00e1 jak do interi\u00e9ru tak exteri\u00e9ru ve st\u00e1lesv\u00edt\u00edc\u00ed i blikaj\u00edc\u00ed variant\u011b. Tmav\u00fd nosn\u00fd kabel se pou\u017e\u00edv\u00e1 zejm\u00e9na na ozdobu v\u00e1no\u010dn\u00edho stromku, sv\u011btl\u00fd pak na v\u00fdzdobu budov. D\u0159\u00edve se pou\u017e\u00edvaly klasick\u00e9 \u017e\u00e1rovkov\u00e9 elektrick\u00e9 sv\u00ed\u010dky, ty ale praskaly a m\u011bly velk\u00fd odb\u011br energie, dnes jednozna\u010dn\u011b vl\u00e1dnou <a title=\"LED \u0159et\u011bzy\" href=\"https:\/\/www.dexys.cz\/led-stromove-osvetleni\">LED \u0159et\u011bzy<\/a>.<\/p>\n<h2>V\u00e1no\u010dn\u00ed kr\u00e1pn\u00edky<\/h2>\n<p>Druh\u00fd nejpou\u017e\u00edvan\u011bj\u0161\u00ed typ v\u00e1no\u010dn\u00edho osv\u011btlen\u00ed je konstruk\u010dn\u011b \u0159e\u0161en jako nosn\u00fd kabel, ze kter\u00e9ho vis\u00ed dal\u0161\u00ed <strong>r\u016fzn\u011b dlouh\u00e9<\/strong> pomocn\u00e9 kabely na kter\u00fdch jsou um\u00edst\u011bny sv\u011bteln\u00e9 zdroje \u017e\u00e1rovek, nebo LED. Nyn\u00ed se pou\u017e\u00edvaj\u00ed ji\u017e t\u00e9m\u011b\u0159 pouze jen <a href=\"https:\/\/www.dexys.cz\/led-venkovni-krapniky-220v\"><strong>LED v\u00e1no\u010dn\u00ed kr\u00e1pn\u00edky<\/strong><\/a>. Toto v\u00e1no\u010dn\u00ed osv\u011btlen\u00ed se pou\u017e\u00edv\u00e1 jak do interi\u00e9ru tak exteri\u00e9ru ve st\u00e1lesv\u00edt\u00edc\u00ed i blikaj\u00edc\u00ed variant\u011b. Tmav\u00fd nosn\u00fd kabel v\u00e1no\u010dn\u00edch kr\u00e1pn\u00edk\u016f se pou\u017e\u00edv\u00e1 zejm\u00e9na na ozdobu v\u00e1no\u010dn\u00edho stromku, sv\u011btl\u00fd pak na v\u00fdzdobu budov.<\/p>\n<h2><a href=\"http:\/\/vanocni-osvetleni.com\/wp-content\/uploads\/1710.jpg\"><img loading=\"lazy\" decoding=\"async\" class=\"alignleft size-thumbnail wp-image-125\" title=\"1710\" src=\"http:\/\/vanocni-osvetleni.com\/wp-content\/uploads\/1710-150x150.jpg\" alt=\"V\u00e1no\u010dn\u00ed z\u00e1v\u011bsy\" width=\"150\" height=\"150\" \/><\/a><\/h2>\n<h2>V\u00e1no\u010dn\u00ed z\u00e1v\u011bsy<\/h2>\n<p>Tento typ v\u00e1no\u010dn\u00edho osv\u011btlen\u00ed je hodn\u011b podobn\u00fd LED kr\u00e1pn\u00edk\u016fm a\u00a0 je konstruk\u010dn\u011b \u0159e\u0161en jako nosn\u00fd kabel ze kter\u00e9ho vis\u00ed dal\u0161\u00ed <strong>stejn\u011b dlouh\u00e9 <\/strong>pomocn\u00e9 kabely na kter\u00fdch jsou um\u00edst\u011bny sv\u011bteln\u00e9 zdroje \u017e\u00e1rovek nebo LED. Nyn\u00ed se pou\u017e\u00edvaj\u00ed ji\u017e t\u00e9m\u011b\u0159 pouze jen <strong>LED v\u00e1no\u010dn\u00ed z\u00e1v\u011bsy<\/strong>. Toto v\u00e1no\u010dn\u00ed osv\u011btlen\u00ed se pou\u017e\u00edv\u00e1 jak do interi\u00e9ru tak exteri\u00e9ru ve st\u00e1lesv\u00edt\u00edc\u00ed i blikaj\u00edc\u00ed variant\u011b. Tmav\u00fd nosn\u00fd kabel se pou\u017e\u00edv\u00e1 zejm\u00e9na na ozdobu v\u00e1no\u010dn\u00edho stromku, sv\u011btl\u00fd pak na v\u00fdzdobu budov.<\/p>\n<h2><a href=\"http:\/\/vanocni-osvetleni.com\/wp-content\/uploads\/pasek-led-venkovni-blikajici-6m-360-led-multicolor-dexys-cz-default-1.jpg\"><img loading=\"lazy\" decoding=\"async\" class=\"size-thumbnail wp-image-467 alignleft\" src=\"http:\/\/vanocni-osvetleni.com\/wp-content\/uploads\/pasek-led-venkovni-blikajici-6m-360-led-multicolor-dexys-cz-default-1-150x150.jpg\" alt=\"\" width=\"150\" height=\"150\" \/><\/a>V\u00e1no\u010dn\u00ed kabely<\/h2>\n<p>Tento typ v\u00e1no\u010dn\u00edho osv\u011btlen\u00ed je vhodn\u00fd zejm\u00e9na pro lemov\u00e1n\u00ed budov, \u010d\u00e1st\u00ed budov, oken a vytv\u00e1\u0159en\u00ed sv\u011bteln\u00fdch dekorac\u00ed. Konstruk\u010dn\u011b je \u0159e\u0161en jako gumov\u00e1 hadice ve kter\u00e9 jsou zality sv\u011bteln\u00e9 zdroje \u017e\u00e1rovek nebo LED. Nyn\u00ed se pou\u017e\u00edvaj\u00ed t\u00e9m\u011b\u0159 jen <a href=\"http:\/\/www.vanocni-osvetleni.com\/?p=464\"><strong>LED sv\u011bteln\u00e9 kabely<\/strong>.<\/a> Toto v\u00e1no\u010dn\u00ed osv\u011btlen\u00ed se pou\u017e\u00edv\u00e1 jak do interi\u00e9ru tak exteri\u00e9ru ve st\u00e1lesv\u00edt\u00edc\u00ed i blikaj\u00edc\u00ed variant\u011b. P\u0159i v\u00fdb\u011bru dbejte tak\u00e9 na um\u00edst\u011bn\u00ed LED v kabelu. Je d\u016fle\u017eit\u00e9, zda je kabel sm\u011brov\u00fd a LED m\u00ed\u0159\u00ed do jedn\u00e9 strany <a title=\"sv\u011bteln\u00e9 kabely\" href=\"http:\/\/www.vanocni-shop.eu\/vanocni-dekorace\/eshop\/8-1-Svetelne-hadice\">sv\u011bteln\u00e9ho kabelu<\/a>, nebo jsou LED um\u00edst\u011bny po sm\u011bru kabelu a sv\u011btlo se tak \u0161\u00ed\u0159\u00ed rovnom\u011brn\u011b na v\u0161echny strany.<\/p>\n<h2><a href=\"http:\/\/vanocni-osvetleni.com\/wp-content\/uploads\/073-10098.jpg\"><img loading=\"lazy\" decoding=\"async\" class=\"alignleft size-thumbnail wp-image-127\" title=\"073 10098\" src=\"http:\/\/vanocni-osvetleni.com\/wp-content\/uploads\/073-10098-150x150.jpg\" alt=\"LED sv\u011bteln\u00e9 sn\u011b\u017een\u00ed\" width=\"150\" height=\"150\" \/><\/a><\/h2>\n<h2>LED sv\u011bteln\u00e9 sn\u011b\u017een\u00ed<\/h2>\n<p>V posledn\u00ed dob\u011b je tento modern\u00ed prvek v\u00e1no\u010dn\u00edho osv\u011btlen\u00ed \u010d\u00edm d\u00e1l v\u00edce obl\u00edben\u00fd pro jeho kr\u00e1sn\u00fd efekt. V\u00fdhodou je jeho dynami\u010dnost. Konstruk\u010dn\u011b je LED sn\u011b\u017een\u00ed \u0159e\u0161en jako nosn\u00fd kabel, ze kter\u00e9ho vis\u00ed pr\u016fhledn\u00e9 trubice ve kter\u00fdch je um\u00edst\u011bn nej\u010dast\u011bji <a title=\"LED p\u00e1sky\" href=\"http:\/\/www.ledpasky.net\/\">LED p\u00e1sek<\/a>. Ledky v trubic\u00edch jakoby padaj\u00ed a vyvol\u00e1vaj\u00ed efekt sn\u011b\u017een\u00ed. Tmav\u00fd nosn\u00fd kabel se pou\u017e\u00edv\u00e1 zejm\u00e9na na ozdobu v\u00e1no\u010dn\u00edho stromku, sv\u011btl\u00fd pak na v\u00fdzdobu budov. <strong>LED sn\u011b\u017een\u00ed<\/strong> je obl\u00edben\u00e9 na v\u00e1no\u010dn\u00edch stromk\u00e1ch i jako dekorace na budovy.<\/p>\n<h2>Sv\u011bteln\u00e9 v\u00e1no\u010dn\u00ed motivy<\/h2>\n<p>Tyto komponenty v\u00e1no\u010dn\u00edho osv\u011btlen\u00ed jsou v\u011bt\u0161inou tvo\u0159eny sv\u011bteln\u00fdm kabelem na nosn\u00e9 konstrukci. Ten je upraven do nejr\u016fzn\u011bj\u0161\u00edch tvar\u016f a barev, a vytv\u00e1\u0159\u00ed klasick\u00e9 LED v\u00e1no\u010dn\u00ed motivy jako je <strong>v\u00e1no\u010dn\u00ed strome\u010dek<\/strong>, zvony, santa, kometa, hv\u011bzda, vlo\u010dka apod. Doporu\u010dujeme nap\u0159\u00edklad v kombinaci se sv\u011bteln\u00fdm \u0159et\u011bzem na \u0161pi\u010dku v\u00e1no\u010dn\u00edho stromu. \u0160ikovn\u00e9 ruce si d\u00edky sv\u011bteln\u00e9mu kabelu, kter\u00fd lze snadno kr\u00e1jet a napojovat pomoc\u00ed napojovac\u00edho p\u0159\u00edslu\u0161enstv\u00ed, mohou vyrobit sv\u011bteln\u00fd motiv dle vlastn\u00edho n\u00e1vrhu.<\/p>\n<h2>Z\u00e1v\u011br<\/h2>\n<p>P\u0159i v\u00fdb\u011bru v\u00e1no\u010dn\u00edho osv\u011btlen\u00ed doporu\u010dujeme sledovat n\u011bkolik z\u00e1sadn\u00edch krit\u00e9ri\u00ed. Kupovat pouze zna\u010dkov\u00e9 kvalitn\u00ed produkty, kter\u00e9 jsou bezpe\u010dn\u00e9. Ur\u010dit si, zda pot\u0159ebujete osv\u011btlen\u00ed venkovn\u00ed nebo vnit\u0159n\u00ed. Pro nap\u00e1jen\u00ed doporu\u010dujeme v\u017edy kvalitn\u00ed elektro p\u0159\u00edslu\u0161enstv\u00ed jako jsou nap\u00e1jec\u00ed a prodlu\u017eovac\u00ed kabely s IP kryt\u00edm pro dann\u00e9 prost\u0159ed\u00ed. Nehled\u011bt pouze na d\u00e9lku, ale tak\u00e9 po\u010det sv\u011bteln\u00fdch zdroj\u016f. Tento parametr je \u010dasto opom\u00edjen ale p\u0159itom je z\u00e1sadn\u00ed v cen\u011b osv\u011btlen\u00ed a tak\u00e9 ve v\u00fdsledn\u00e9m efektu. Nesm\u00edme t\u00e9\u017e zapomenout na v\u00e1no\u010dn\u00ed dekorace a jejich sv\u011bteln\u00e9 varianty.<\/p>\n<p>Krom\u011b v\u00e1no\u010dn\u00edho osv\u011btlen\u00ed v\u00e1m porad\u00edme i s v\u00fdb\u011brem <a href=\"http:\/\/www.vanocni-osvetleni.com\/?p=477\">v\u00e1no\u010dn\u00edch d\u00e1rk\u016f.<\/a><\/p>\n","protected":false},"excerpt":{"rendered":"<p>V\u00e1no\u010dn\u00ed osv\u011btlen\u00ed (viano\u010dn\u00e9 osvetlenie) lze jednodu\u0161e rozd\u011blit do n\u011bkolika kategori\u00ed dle jejich pou\u017eit\u00ed a konstrukce. Prim\u00e1rn\u011b rozd\u011blujeme osv\u011btlen\u00ed na ta, kter\u00e1 jsou ur\u010dena do exteri\u00e9ru, a kter\u00e1 do interi\u00e9ru. Venkovn\u00ed v\u00e1no\u010dn\u00ed osv\u011btlen\u00ed je vyrobeno s kryt\u00edm IP40, co\u017e znamen\u00e1, \u017ee je odoln\u00e9 proti vlhkosti, vod\u011b i mrazu. Lze jej tak bez probl\u00e9m\u016f pou\u017e\u00edt i do [&hellip;]<\/p>\n","protected":false},"author":1,"featured_media":0,"parent":0,"menu_order":0,"comment_status":"closed","ping_status":"closed","template":"","meta":{"footnotes":""},"aioseo_notices":[],"_links":{"self":[{"href":"https:\/\/www.vanocni-osvetleni.com\/index.php?rest_route=\/wp\/v2\/pages\/60"}],"collection":[{"href":"https:\/\/www.vanocni-osvetleni.com\/index.php?rest_route=\/wp\/v2\/pages"}],"about":[{"href":"https:\/\/www.vanocni-osvetleni.com\/index.php?rest_route=\/wp\/v2\/types\/page"}],"author":[{"embeddable":true,"href":"https:\/\/www.vanocni-osvetleni.com\/index.php?rest_route=\/wp\/v2\/users\/1"}],"replies":[{"embeddable":true,"href":"https:\/\/www.vanocni-osvetleni.com\/index.php?rest_route=%2Fwp%2Fv2%2Fcomments&post=60"}],"version-history":[{"count":44,"href":"https:\/\/www.vanocni-osvetleni.com\/index.php?rest_route=\/wp\/v2\/pages\/60\/revisions"}],"predecessor-version":[{"id":765,"href":"https:\/\/www.vanocni-osvetleni.com\/index.php?rest_route=\/wp\/v2\/pages\/60\/revisions\/765"}],"wp:attachment":[{"href":"https:\/\/www.vanocni-osvetleni.com\/index.php?rest_route=%2Fwp%2Fv2%2Fmedia&parent=60"}],"curies":[{"name":"wp","href":"https:\/\/api.w.org\/{rel}","templated":true}]}}