{"id":44,"date":"2011-09-15T13:16:41","date_gmt":"2011-09-15T13:16:41","guid":{"rendered":"http:\/\/www.vanocni-osvetleni.com\/?page_id=44"},"modified":"2024-05-24T13:12:22","modified_gmt":"2024-05-24T13:12:22","slug":"vanocni-osvetleni-2","status":"publish","type":"page","link":"https:\/\/www.vanocni-osvetleni.com\/?page_id=44","title":{"rendered":"O v\u00e1no\u010dn\u00edm osv\u011btlen\u00ed"},"content":{"rendered":"<p><strong>V\u00e1no\u010dn\u00ed osv\u011btlen\u00ed<\/strong> je neodmyslitelnou sou\u010d\u00e1st\u00ed V\u00e1noc<strong>.<\/strong> P\u0159i v\u00fdb\u011bru v\u00e1no\u010dn\u00edho osv\u011btlen\u00ed myslete na to, \u017ee osv\u011btlen\u00ed mus\u00ed b\u00fdt kvalitn\u00ed a bezpe\u010dn\u00e9. Doporu\u010duje se nakupovat v\u00e1no\u010dn\u00ed osv\u011btlen\u00ed ve specializovan\u00fdch obchodech a e-shopech, kde V\u00e1m vy\u0161kolen\u00fd person\u00e1l porad\u00ed v\u00a0r\u00e1mci cel\u00e9ho sv\u00e9ho sortimentu.<\/p>\n<p>P\u0159ed n\u00e1kupem v\u00e1no\u010dn\u00edho osv\u011btlen\u00ed si dob\u0159e promyslete, kter\u00e1 m\u00edsta chcete ozdobit. Nejd\u016fle\u017eit\u011bj\u0161\u00ed je stanovit si, zda osv\u011btlen\u00ed chcete pou\u017e\u00edt do interi\u00e9ru nebo exteri\u00e9ru. Venkovn\u00ed sv\u011btla maj\u00ed mnohon\u00e1sobn\u011b lep\u0161\u00ed izolaci, a bez obav vydr\u017e\u00ed zimn\u00ed po\u010das\u00ed.<\/p>\n\n\t\t<style type=\"text\/css\">\n\t\t\t#gallery-1 {\n\t\t\t\tmargin: auto;\n\t\t\t}\n\t\t\t#gallery-1 .gallery-item {\n\t\t\t\tfloat: left;\n\t\t\t\tmargin-top: 10px;\n\t\t\t\ttext-align: center;\n\t\t\t\twidth: 33%;\n\t\t\t}\n\t\t\t#gallery-1 img {\n\t\t\t\tborder: 2px solid #cfcfcf;\n\t\t\t}\n\t\t\t#gallery-1 .gallery-caption {\n\t\t\t\tmargin-left: 0;\n\t\t\t}\n\t\t\t\/* see gallery_shortcode() in wp-includes\/media.php *\/\n\t\t<\/style>\n\t\t<div id='gallery-1' class='gallery galleryid-44 gallery-columns-3 gallery-size-thumbnail'><dl class='gallery-item'>\n\t\t\t<dt class='gallery-icon landscape'>\n\t\t\t\t<a href='https:\/\/vanocni-osvetleni.com\/wp-content\/uploads\/032-215-Kopie.jpg'><img loading=\"lazy\" decoding=\"async\" width=\"150\" height=\"150\" src=\"https:\/\/vanocni-osvetleni.com\/wp-content\/uploads\/032-215-Kopie-150x150.jpg\" class=\"attachment-thumbnail size-thumbnail\" alt=\"\" \/><\/a>\n\t\t\t<\/dt><\/dl><dl class='gallery-item'>\n\t\t\t<dt class='gallery-icon landscape'>\n\t\t\t\t<a href='https:\/\/vanocni-osvetleni.com\/wp-content\/uploads\/indoor_img02-e1579277770403.jpg'><img loading=\"lazy\" decoding=\"async\" width=\"150\" height=\"150\" src=\"https:\/\/vanocni-osvetleni.com\/wp-content\/uploads\/indoor_img02-150x150.jpg\" class=\"attachment-thumbnail size-thumbnail\" alt=\"\" \/><\/a>\n\t\t\t<\/dt><\/dl>\n\t\t\t<br style='clear: both' \/>\n\t\t<\/div>\n\n<p>V\u00e1no\u010dn\u00edmu osv\u011btlen\u00ed ji\u017e dnes v\u00e9vod\u00ed <a href=\"http:\/\/www.vanocni-osvetleni.com\/?page_id=40\">LED diody<\/a>. LED diody maj\u00ed \u017eivotnost a\u017e 50.000 hodin a jejich velkou v\u00fdhodou je mo\u017enost volby barvy sv\u011btla. Pomoc\u00ed po\u010d\u00edta\u010dov\u00e9ho programu m\u016f\u017ee b\u00fdt ze z\u00e1kladn\u00edch barev \u2013 \u010derven\u00e9, modr\u00e9 a zelen\u00e9 nam\u00edch\u00e1no a\u017e 16 milion\u016f r\u016fzn\u00fdch barev.<\/p>\n<p>Mezi obl\u00edben\u00e1 <a href=\"http:\/\/www.osvetleni-vanocni.cz\/\">v\u00e1no\u010dn\u00ed osv\u011btlen\u00ed<\/a> venkovn\u00edch prostor a stromk\u016f pat\u0159\u00ed <strong>venkovn\u00ed LED \u0159et\u011bzy<\/strong>, <strong>venkovn\u00ed LED kr\u00e1pn\u00edky,<\/strong> <strong>venkovn\u00ed LED sn\u011b\u017een\u00ed<\/strong>. A aby toho na v\u00fdb\u011br nebylo m\u00e1lo, m\u016f\u017eete si zvolit mezi st\u00e1le sv\u00edt\u00edc\u00edmi a blikaj\u00edc\u00edmi variantami. Do vnit\u0159n\u00edch prostor, a\u0165 u\u017e komer\u010dn\u00edch nebo bytov\u00fdch, jsou vhodn\u00e9 interi\u00e9rov\u00e9 LED \u0159et\u011bzy a interi\u00e9rov\u00e9 LED z\u00e1v\u011bsy. V\u00e1no\u010dn\u00ed osv\u011btlen\u00ed m\u016f\u017eete doplnit dal\u0161\u00edmi <strong>sv\u011bteln\u00fdmi dekoracemi<\/strong>.<\/p>\n<p>\u0158e\u0161\u00edte, jak nejl\u00e9pe vytvo\u0159it v\u00e1no\u010dn\u00ed atmosf\u00e9ru u V\u00e1s doma?<\/p>\n<p>Krom\u011b figurek, adventn\u00edch v\u011bnc\u016f a dal\u0161\u00edch <a href=\"https:\/\/www.dexys.cz\/led-svetelne-dekorace-category-767\"><strong>v\u00e1no\u010dn\u00edch dekorac\u00ed<\/strong> <\/a>V\u00e1m pom\u016f\u017ee dotvo\u0159it tu spr\u00e1vnou v\u00e1no\u010dn\u00ed n\u00e1ladu typick\u00e9 <strong>v\u00e1no\u010dn\u00ed osv\u011btlen\u00ed<\/strong>. Nejvhodn\u011bj\u0161\u00ed pro tyto \u00fa\u010dely je <strong>osv\u011btlen\u00ed s\u00a0LED technologi\u00ed<\/strong>, kter\u00e1 spo\u0159\u00ed elektrickou energii a d\u00edky drobn\u00fdm diod\u00e1m skute\u010dn\u011b d\u00fdch\u00e1 v\u00e1no\u010dn\u00edm ovzdu\u0161\u00edm. Milovn\u00edci klasiky si na trhu mohou po\u0159\u00eddit klasick\u00e9 <strong>\u017e\u00e1rovkov\u00e9 sv\u011bteln\u00e9 dekorace<\/strong>. Osv\u011btlen\u00ed s\u00a0LED sv\u011bteln\u00fdmi zdroji b\u00fdv\u00e1 dra\u017e\u0161\u00ed, ale m\u00e1 \u0159adu v\u00fdhod, mezi n\u011b\u017e pat\u0159\u00ed ji\u017e zm\u00edn\u011bn\u00e1 \u00faspora elektrick\u00e9 energie, a tak\u00e9 dlouh\u00e1 \u017eivotnost LED diod.<\/p>\n<p>Pro v\u00fdzdobu rodinn\u00fdch dom\u016f a zahrad, pergol a smr\u010dk\u016f na zahrad\u011b m\u016f\u017eete vyu\u017e\u00edt nep\u0159ebern\u00e9 mno\u017estv\u00ed sv\u011bteln\u00fdch dekorac\u00ed. V\u00a0nab\u00eddce jsou r\u016fzn\u00e9 <strong>v\u00e1no\u010dn\u00ed \u0159et\u011bzy<\/strong>, <strong>v\u00e1no\u010dn\u00ed kr\u00e1pn\u00edky, v\u00e1no\u010dn\u00ed sn\u011b\u017een\u00ed <\/strong>(sv\u011bt\u00fdlka, kter\u00e1 v\u011brn\u011b imituj\u00ed padaj\u00edc\u00ed sn\u00edh),<strong> v\u00e1no\u010dn\u00ed z\u00e1v\u011bsy, v\u00e1no\u010dn\u00ed sv\u00edt\u00edc\u00ed hv\u011bzdy a vlo\u010dky<\/strong>. V\u0161echna tato osv\u011btlen\u00ed se vyr\u00e1b\u00ed ve dvou verz\u00edch \u2013 st\u00e1le sv\u00edt\u00edc\u00ed a blikaj\u00edc\u00ed. Ka\u017ed\u00fd si m\u016f\u017ee vybrat dle sv\u00e9ho p\u0159\u00e1n\u00ed, fantazii se meze nekladou. Tyto v\u00e1no\u010dn\u00ed dekorace jsou vhodn\u00e9 i k pou\u017eit\u00ed pro komer\u010dn\u00ed \u00fa\u010dely, v\u00fdzdoby restaurac\u00ed, kav\u00e1ren, obchod\u016f, ulic, park\u016f aj.<\/p>\n<p>Pro pou\u017eit\u00ed vn\u011b domu \u010di bytu jsou vhodn\u00e1 <strong>interi\u00e9rov\u00e1 v\u00e1no\u010dn\u00ed osv\u011btlen\u00ed<\/strong>, <strong>LED v\u00e1no\u010dn\u00ed \u0159et\u011bzy, kr\u00e1pn\u00edky, z\u00e1v\u011bsy a dal\u0161\u00ed dekorativn\u00ed sv\u011bteln\u00e9 p\u0159edm\u011bty<\/strong> \u2013 t\u0159eba p\u016fsobiv\u00e9 a roztomil\u00e9 ke\u0159\u00edky a v\u011btvi\u010dky, kter\u00e9 p\u011bkn\u011b dopl\u0148uj\u00ed klasick\u00e9 osv\u011btlen\u00ed a mohou tak zp\u0159\u00edjemnit atmosf\u00e9ru i mimo v\u00e1no\u010dn\u00ed \u010das.<\/p>\n<p>Nej\u010dast\u011bji pou\u017e\u00edvan\u00fdm typem v\u00e1no\u010dn\u00edho osv\u011btlen\u00ed jsou <strong>v\u00e1no\u010dn\u00ed \u0159et\u011bzy<\/strong>, kter\u00e9 se hod\u00ed zejm\u00e9na k\u00a0dekorov\u00e1n\u00ed v\u00e1no\u010dn\u00edho stromku, oken a balk\u00f3n\u016f. Sv\u00e9 zast\u00e1nce maj\u00ed i <strong>v\u00e1no\u010dn\u00ed kr\u00e1pn\u00edky neboli rampouchy<\/strong>, kter\u00e9 m\u016f\u017eete r\u016fzn\u011b kombinovat. Vyu\u017eit\u00ed naleznou zejm\u00e9na na \u0161t\u00edtech dom\u016f.<\/p>\n<p>Jak je patrn\u00e9, v\u00e1no\u010dn\u00ed osv\u011btlen\u00ed sk\u00fdt\u00e1 mnoho r\u016fzn\u00fdch podob, je skute\u010dn\u011b z\u00a0\u010deho vyb\u00edrat. Sta\u010d\u00ed si vytvo\u0159it vizi, jak\u00e9 dekorace se v\u00e1m l\u00edb\u00ed, a z\u00a0rozli\u010dn\u00fdch prost\u0159edk\u016f na trhu u\u017e se snadno spln\u00ed v\u00e1\u0161 sen.<\/p>\n","protected":false},"excerpt":{"rendered":"<p>V\u00e1no\u010dn\u00ed osv\u011btlen\u00ed je neodmyslitelnou sou\u010d\u00e1st\u00ed V\u00e1noc. P\u0159i v\u00fdb\u011bru v\u00e1no\u010dn\u00edho osv\u011btlen\u00ed myslete na to, \u017ee osv\u011btlen\u00ed mus\u00ed b\u00fdt kvalitn\u00ed a bezpe\u010dn\u00e9. Doporu\u010duje se nakupovat v\u00e1no\u010dn\u00ed osv\u011btlen\u00ed ve specializovan\u00fdch obchodech a e-shopech, kde V\u00e1m vy\u0161kolen\u00fd person\u00e1l porad\u00ed v\u00a0r\u00e1mci cel\u00e9ho sv\u00e9ho sortimentu. P\u0159ed n\u00e1kupem v\u00e1no\u010dn\u00edho osv\u011btlen\u00ed si dob\u0159e promyslete, kter\u00e1 m\u00edsta chcete ozdobit. Nejd\u016fle\u017eit\u011bj\u0161\u00ed je stanovit si, zda [&hellip;]<\/p>\n","protected":false},"author":1,"featured_media":0,"parent":0,"menu_order":0,"comment_status":"closed","ping_status":"closed","template":"","meta":{"footnotes":""},"aioseo_notices":[],"_links":{"self":[{"href":"https:\/\/www.vanocni-osvetleni.com\/index.php?rest_route=\/wp\/v2\/pages\/44"}],"collection":[{"href":"https:\/\/www.vanocni-osvetleni.com\/index.php?rest_route=\/wp\/v2\/pages"}],"about":[{"href":"https:\/\/www.vanocni-osvetleni.com\/index.php?rest_route=\/wp\/v2\/types\/page"}],"author":[{"embeddable":true,"href":"https:\/\/www.vanocni-osvetleni.com\/index.php?rest_route=\/wp\/v2\/users\/1"}],"replies":[{"embeddable":true,"href":"https:\/\/www.vanocni-osvetleni.com\/index.php?rest_route=%2Fwp%2Fv2%2Fcomments&post=44"}],"version-history":[{"count":21,"href":"https:\/\/www.vanocni-osvetleni.com\/index.php?rest_route=\/wp\/v2\/pages\/44\/revisions"}],"predecessor-version":[{"id":766,"href":"https:\/\/www.vanocni-osvetleni.com\/index.php?rest_route=\/wp\/v2\/pages\/44\/revisions\/766"}],"wp:attachment":[{"href":"https:\/\/www.vanocni-osvetleni.com\/index.php?rest_route=%2Fwp%2Fv2%2Fmedia&parent=44"}],"curies":[{"name":"wp","href":"https:\/\/api.w.org\/{rel}","templated":true}]}}