{"id":40,"date":"2011-09-15T13:15:53","date_gmt":"2011-09-15T13:15:53","guid":{"rendered":"http:\/\/www.vanocni-osvetleni.com\/?page_id=40"},"modified":"2018-10-18T10:09:19","modified_gmt":"2018-10-18T10:09:19","slug":"led-vanjocni-osvetleni","status":"publish","type":"page","link":"https:\/\/www.vanocni-osvetleni.com\/?page_id=40","title":{"rendered":"LED v\u00e1no\u010dn\u00ed osv\u011btlen\u00ed"},"content":{"rendered":"<p>LED v\u00e1no\u010dn\u00ed osv\u011btlen\u00ed jednozna\u010dn\u011b vede nad <a href=\"http:\/\/www.vanocni-osvetleni.com\/?p=455\">klasick\u00fdm \u017e\u00e1rovkov\u00fdm<\/a>. Dnes jsou \u017e\u00e1rovkov\u00e9 sv\u011bteln\u00e9 dekoraci na pokraji existence a prakticky je ve v\u0161ech sf\u00e9r\u00e1ch v\u00e1no\u010dn\u00edho osv\u011btlen\u00ed vytla\u010dili <a title=\"LED sv\u011bteln\u00e9 zdroje\" href=\"http:\/\/www.zarovky-shop.cz\/zarovky\/eshop\/8-1-LED-zarovky\">LED sv\u011bteln\u00e9 zdroje<\/a>.<\/p>\n<p>Vzhledem k \u00fa\u017easn\u00fdm vlastnostem LED je to pochopiteln\u00e9. \u017d\u00e1rovkov\u00e9 osv\u011btlen\u00ed m\u011blo \u0159adu nev\u00fdhod, \u017e\u00e1rovky praskaly, musely se barvit aby m\u011bli barvu, m\u011bly velkou spot\u0159ebu, malou \u017eivotnost a byly n\u00e1chyln\u00e9 na mechanick\u00e9 zach\u00e1zen\u00ed.<\/p>\n<p><a href=\"http:\/\/vanocni-osvetleni.com\/wp-content\/uploads\/143-09772.jpg\"><img loading=\"lazy\" decoding=\"async\" title=\"143 09772\" class=\"aligncenter size-medium wp-image-156\" src=\"http:\/\/vanocni-osvetleni.com\/wp-content\/uploads\/143-09772-300x200.jpg\" alt=\"LED v\u00e1no\u010dn\u00ed osv\u011btlen\u00ed\" width=\"300\" height=\"200\" \/><\/a><\/p>\n<p>Naproti tomu LED technologie ve\u0161ker\u00e9 tyto nedostatky zcela eliminuje. Jmenujeme alespo\u0148 z\u00e1kladn\u00ed v\u00fdhody LED oproti \u017e\u00e1rovce.<\/p>\n<p>1) n\u00edzk\u00e1 spot\u0159eba<\/p>\n<p>2) dlouh\u00e1 \u017eivotnost<\/p>\n<p>3) mo\u017enost volit barvu<\/p>\n<p>4) jasn\u00e9 sv\u011btlo<\/p>\n<p>5) nevyza\u0159uje teplo<\/p>\n<p>V\u00edce se dozv\u00edte v \u010dl\u00e1nku <a href=\"https:\/\/www.dexys.cz\/vyhody-led-proti-zarovce-2\">v\u00fdhody LED oproti \u017e\u00e1rovce<\/a>.<\/p>\n<p>Dnes se pou\u017e\u00edvaj\u00ed LED ve v\u0161ech tipech interi\u00e9rov\u00e9ho i exteri\u00e9rov\u00e9ho v\u00e1no\u010dn\u00edho osv\u011btlen\u00ed. P\u0159ev\u00e1\u017en\u011b tedy jsou to <strong>LED v\u00e1no\u010dn\u00ed \u0159et\u011bzy, LED kr\u00e1pn\u00edky, z\u00e1v\u011bsy, kabely, girlandy, motivy<\/strong>, sn\u011b\u017een\u00ed a dal\u0161\u00ed.<\/p>\n<p>Technologie v\u00fdroby LED umo\u017e\u0148uje p\u0159\u00edmo ovlivnit jej\u00ed barvu. Nen\u00ed tak pot\u0159eba LED barvit, nebo na n\u011b navl\u00e9kat barevn\u00e9 \u010depi\u010dky. Ka\u017ed\u00e1 barva je technologicky jinak n\u00e1ro\u010dn\u00e1 a proto se pak i v\u00e1no\u010dn\u00ed osv\u011btlen\u00ed <strong>dle pou\u017eit\u00e9 barvy LED zna\u010dn\u011b li\u0161\u00ed v cen\u011b <\/strong>.<\/p>\n<p>Pro v\u00e1no\u010dn\u00ed osv\u011btlen\u00ed se pou\u017e\u00edvaj\u00ed tyto typy barev:<\/p>\n<p style=\"text-align: left;\">1) <strong>studen\u00e1 b\u00edla<\/strong> (sn\u011bhob\u00edl\u00e1) &#8211; podobn\u00e1 xenonov\u00e9mu sv\u011btlo automobilov\u00fdch reflektor\u016f<\/p>\n<p style=\"text-align: left;\">2) <strong>tepl\u00e1 b\u00edla<\/strong> &#8211; b\u00edl\u00e1 barva se \u017elut\u00fdm n\u00e1dechem imituj\u00edc\u00ed klasick\u00e9 \u017e\u00e1rovkov\u00e9 sv\u011btlo<\/p>\n<p style=\"text-align: left;\">3) <strong>\u017elut\u00e1<\/strong> &#8211; jasn\u011b \u017elut\u00e1 barva<\/p>\n<p style=\"text-align: left;\">4) <strong>zelen\u00e1<\/strong> &#8211; jasn\u011b zelen\u00e1 barva<\/p>\n<p style=\"text-align: left;\">5) <strong>\u010derven\u00e1<\/strong> &#8211; jasn\u011b \u010derven\u00e1 barva<\/p>\n<p style=\"text-align: left;\">6) <strong>jantarov\u00e1<\/strong> &#8211; jasn\u011b \u010derveno-oran\u017eov\u00e1 barva<\/p>\n<p style=\"text-align: left;\">7) <strong>r\u016f\u017eov\u00e1<\/strong> &#8211; jasn\u011b r\u016f\u017eov\u00e1 barva<\/p>\n<p style=\"text-align: left;\">8) <strong>modr\u00e1<\/strong> &#8211; jasn\u011b modr\u00e1 barva<\/p>\n<p style=\"text-align: left;\">9) <strong>multicolor<\/strong> &#8211; LED s mo\u017enost\u00ed m\u011bnit barvu (\u010derven\u00e1, \u017elut\u00e1,modr\u00e1, zelen\u00e1)<\/p>\n<p style=\"text-align: left;\">11) <strong>frosted LED<\/strong> &#8211; ml\u00e9\u010dn\u00e1 b\u00edl\u00e1 barva imituj\u00edc\u00ed ml\u00e9\u010dnou \u017e\u00e1rovku b\u00edl\u00e9 barvy<\/p>\n<p style=\"text-align: left;\">12) <strong>flash LED<\/strong> &#8211; LED se z\u00e1bleskem, LED blik\u00e1, nebo bl\u00fdsk\u00e1<\/p>\n<p style=\"text-align: left;\"><strong><br \/>\n<\/strong><\/p>\n","protected":false},"excerpt":{"rendered":"<p>LED v\u00e1no\u010dn\u00ed osv\u011btlen\u00ed jednozna\u010dn\u011b vede nad klasick\u00fdm \u017e\u00e1rovkov\u00fdm. Dnes jsou \u017e\u00e1rovkov\u00e9 sv\u011bteln\u00e9 dekoraci na pokraji existence a prakticky je ve v\u0161ech sf\u00e9r\u00e1ch v\u00e1no\u010dn\u00edho osv\u011btlen\u00ed vytla\u010dili LED sv\u011bteln\u00e9 zdroje. Vzhledem k \u00fa\u017easn\u00fdm vlastnostem LED je to pochopiteln\u00e9. \u017d\u00e1rovkov\u00e9 osv\u011btlen\u00ed m\u011blo \u0159adu nev\u00fdhod, \u017e\u00e1rovky praskaly, musely se barvit aby m\u011bli barvu, m\u011bly velkou spot\u0159ebu, malou \u017eivotnost a [&hellip;]<\/p>\n","protected":false},"author":1,"featured_media":0,"parent":0,"menu_order":0,"comment_status":"closed","ping_status":"closed","template":"","meta":{"footnotes":""},"aioseo_notices":[],"_links":{"self":[{"href":"https:\/\/www.vanocni-osvetleni.com\/index.php?rest_route=\/wp\/v2\/pages\/40"}],"collection":[{"href":"https:\/\/www.vanocni-osvetleni.com\/index.php?rest_route=\/wp\/v2\/pages"}],"about":[{"href":"https:\/\/www.vanocni-osvetleni.com\/index.php?rest_route=\/wp\/v2\/types\/page"}],"author":[{"embeddable":true,"href":"https:\/\/www.vanocni-osvetleni.com\/index.php?rest_route=\/wp\/v2\/users\/1"}],"replies":[{"embeddable":true,"href":"https:\/\/www.vanocni-osvetleni.com\/index.php?rest_route=%2Fwp%2Fv2%2Fcomments&post=40"}],"version-history":[{"count":15,"href":"https:\/\/www.vanocni-osvetleni.com\/index.php?rest_route=\/wp\/v2\/pages\/40\/revisions"}],"predecessor-version":[{"id":637,"href":"https:\/\/www.vanocni-osvetleni.com\/index.php?rest_route=\/wp\/v2\/pages\/40\/revisions\/637"}],"wp:attachment":[{"href":"https:\/\/www.vanocni-osvetleni.com\/index.php?rest_route=%2Fwp%2Fv2%2Fmedia&parent=40"}],"curies":[{"name":"wp","href":"https:\/\/api.w.org\/{rel}","templated":true}]}}