{"id":38,"date":"2011-09-15T13:15:19","date_gmt":"2011-09-15T13:15:19","guid":{"rendered":"http:\/\/www.vanocni-osvetleni.com\/?page_id=38"},"modified":"2024-05-24T13:30:52","modified_gmt":"2024-05-24T13:30:52","slug":"vanocni-dekorace","status":"publish","type":"page","link":"https:\/\/www.vanocni-osvetleni.com\/?page_id=38","title":{"rendered":"V\u00e1no\u010dn\u00ed dekorace"},"content":{"rendered":"<p>K\u00a0V\u00e1noc\u016fm pat\u0159\u00ed bezesporu i v\u00e1no\u010dn\u00ed v\u00fdzdoba a osv\u011btlen\u00ed v\u00e1no\u010dn\u00edho stromku. V\u017edy\u0165 ty drobn\u00e9 dekora\u010dn\u00ed p\u0159edm\u011bty \u2013 sv\u00ed\u010dky, girlandy, v\u011bnce, \u0159et\u011bzy \u2013 n\u00e1m pom\u00e1haj\u00ed nas\u00e1t a vst\u0159ebat tu spr\u00e1vnou poklidnou a p\u0159\u00edjemnou atmosf\u00e9ru v\u00e1no\u010dn\u00edch sv\u00e1tk\u016f.<\/p>\n<p>Chcete si sv\u00e9 bydlen\u00ed n\u00e1le\u017eit\u011b vyzdobit pro v\u00e1no\u010dn\u00ed \u010das a nev\u00edte jak na to? Inspirujte se v\u00a0na\u0161\u00ed nab\u00eddce, naleznete zde mnoho <a title=\"v\u00e1no\u010dn\u00ed dekorace\" href=\"http:\/\/www.vanocnidekorace.com\"><strong>v\u00e1no\u010dn\u00edch dekorac\u00ed<\/strong><\/a>, kup\u0159\u00edkladu kr\u00e1sn\u00e9 <strong>sv\u00ed\u010dky<\/strong>, <strong>adventn\u00ed v\u011bnce<\/strong>, r\u016fzn\u00e9 <strong>figurky zv\u00ed\u0159\u00e1tek, Santa Clause<\/strong> a dal\u0161\u00edch postavi\u010dek typick\u00fdch pro v\u00e1no\u010dn\u00ed \u010das.<\/p>\n<p><img loading=\"lazy\" decoding=\"async\" class=\"aligncenter\" src=\"https:\/\/www.dexys.cz\/fotky101067\/fotos\/_vyr_139283502284a.jpg\" alt=\"V\u00e1no\u010dn\u00ed lampion hv\u011bzda, modr\u00e1 50cm\" width=\"429\" height=\"322\" \/><\/p>\n<p>Nezbytn\u00fdm dopl\u0148kem v\u00e1no\u010dn\u00edho interi\u00e9ru je stromek a jeho ozdoben\u00ed. Na stromek se skv\u011ble hod\u00ed <a title=\"v\u00e1no\u010dn\u00ed ozdoby\" href=\"http:\/\/www.vanocni-shop.eu\/vanocni-dekorace\/eshop\/3-1-Vanocni-ozdoby\">v\u00e1no\u010dn\u00ed ozdoby<\/a>, kouli\u010dky, ma\u0161le, girlandy, t\u0159epen\u00ed a sv\u011bteln\u00e9 \u0159et\u011bzy. Obl\u00edbenou v\u00e1no\u010dn\u00ed dekorac\u00ed jsou t\u00e9\u017e <strong>dekora\u010dn\u00ed f\u00f3lie<\/strong>, kter\u00e9 skv\u011ble zkr\u00e1\u0161l\u00ed okno a dal\u0161\u00ed sklen\u011bn\u00e9 v\u00fdpln\u011b.<\/p>\n<p>Obklopte se ji\u017e nyn\u00ed v\u00e1no\u010dn\u00ed atmosf\u00e9rou a osl\u0148te sv\u00e9 p\u0159\u00e1tele a sousedy n\u00e1paditou, v\u00e1no\u010dn\u00ed a hlavn\u011b kr\u00e1snou v\u00fdzdobou. Kr\u00e1sn\u00e9 <a href=\"https:\/\/www.dexys.cz\/VANOCNI-DEKORACE-c10_0_1.htm\">v\u00e1no\u010dn\u00ed dekorace <\/a>jsou tak\u00e9 betl\u00e9my a kouzeln\u00e9 sv\u011bteln\u00e9 vesni\u010dky a dome\u010dky, dal\u0161\u00ed podobn\u00e9 produkty vyu\u017e\u00edvaj\u00edc\u00ed optick\u00e1 vl\u00e1kna jsou tak\u00e9 mal\u00e9 v\u00e1no\u010dn\u00ed sv\u011bteln\u00e9 strome\u010dky.<\/p>\n<p><img loading=\"lazy\" decoding=\"async\" class=\" aligncenter\" src=\"https:\/\/www.dexys.cz\/fotky101067\/fotos\/_vyr_106683330310.jpg\" alt=\"Camelie s b\u00edl\u00fdmi LED diodami, 50 cm\" width=\"288\" height=\"384\" \/><\/p>\n","protected":false},"excerpt":{"rendered":"<p>K\u00a0V\u00e1noc\u016fm pat\u0159\u00ed bezesporu i v\u00e1no\u010dn\u00ed v\u00fdzdoba a osv\u011btlen\u00ed v\u00e1no\u010dn\u00edho stromku. V\u017edy\u0165 ty drobn\u00e9 dekora\u010dn\u00ed p\u0159edm\u011bty \u2013 sv\u00ed\u010dky, girlandy, v\u011bnce, \u0159et\u011bzy \u2013 n\u00e1m pom\u00e1haj\u00ed nas\u00e1t a vst\u0159ebat tu spr\u00e1vnou poklidnou a p\u0159\u00edjemnou atmosf\u00e9ru v\u00e1no\u010dn\u00edch sv\u00e1tk\u016f. Chcete si sv\u00e9 bydlen\u00ed n\u00e1le\u017eit\u011b vyzdobit pro v\u00e1no\u010dn\u00ed \u010das a nev\u00edte jak na to? Inspirujte se v\u00a0na\u0161\u00ed nab\u00eddce, naleznete zde mnoho [&hellip;]<\/p>\n","protected":false},"author":1,"featured_media":0,"parent":0,"menu_order":0,"comment_status":"closed","ping_status":"closed","template":"","meta":{"footnotes":""},"aioseo_notices":[],"_links":{"self":[{"href":"https:\/\/www.vanocni-osvetleni.com\/index.php?rest_route=\/wp\/v2\/pages\/38"}],"collection":[{"href":"https:\/\/www.vanocni-osvetleni.com\/index.php?rest_route=\/wp\/v2\/pages"}],"about":[{"href":"https:\/\/www.vanocni-osvetleni.com\/index.php?rest_route=\/wp\/v2\/types\/page"}],"author":[{"embeddable":true,"href":"https:\/\/www.vanocni-osvetleni.com\/index.php?rest_route=\/wp\/v2\/users\/1"}],"replies":[{"embeddable":true,"href":"https:\/\/www.vanocni-osvetleni.com\/index.php?rest_route=%2Fwp%2Fv2%2Fcomments&post=38"}],"version-history":[{"count":14,"href":"https:\/\/www.vanocni-osvetleni.com\/index.php?rest_route=\/wp\/v2\/pages\/38\/revisions"}],"predecessor-version":[{"id":769,"href":"https:\/\/www.vanocni-osvetleni.com\/index.php?rest_route=\/wp\/v2\/pages\/38\/revisions\/769"}],"wp:attachment":[{"href":"https:\/\/www.vanocni-osvetleni.com\/index.php?rest_route=%2Fwp%2Fv2%2Fmedia&parent=38"}],"curies":[{"name":"wp","href":"https:\/\/api.w.org\/{rel}","templated":true}]}}